{"id":170,"date":"2025-12-04T14:18:16","date_gmt":"2025-12-04T17:18:16","guid":{"rendered":"https:\/\/assomes.rnrtecnologia.net.br\/?page_id=170"},"modified":"2025-12-04T14:24:53","modified_gmt":"2025-12-04T17:24:53","slug":"sobre-nos","status":"publish","type":"page","link":"https:\/\/assomes.com.br\/?page_id=170","title":{"rendered":"Sobre N\u00f3s"},"content":{"rendered":"\t\t<div data-elementor-type=\"wp-page\" data-elementor-id=\"170\" class=\"elementor elementor-170\" data-elementor-post-type=\"page\">\n\t\t\t\t<div class=\"elementor-element elementor-element-4af3a87 e-flex e-con-boxed e-con e-parent\" data-id=\"4af3a87\" data-element_type=\"container\" data-settings=\"{&quot;ekit_has_onepagescroll_dot&quot;:&quot;yes&quot;}\">\n\t\t\t\t\t<div class=\"e-con-inner\">\n\t\t\t\t<div class=\"elementor-element elementor-element-98f4519 elementor-widget elementor-widget-spacer\" data-id=\"98f4519\" data-element_type=\"widget\" data-settings=\"{&quot;ekit_we_effect_on&quot;:&quot;none&quot;}\" data-widget_type=\"spacer.default\">\n\t\t\t\t\t\t\t<div class=\"elementor-spacer\">\n\t\t\t<div class=\"elementor-spacer-inner\"><\/div>\n\t\t<\/div>\n\t\t\t\t\t\t<\/div>\n\t\t\t\t<div class=\"elementor-element elementor-element-09a5e44 elementor-widget elementor-widget-heading\" data-id=\"09a5e44\" data-element_type=\"widget\" data-settings=\"{&quot;ekit_we_effect_on&quot;:&quot;none&quot;}\" data-widget_type=\"heading.default\">\n\t\t\t\t\t<h2 class=\"elementor-heading-title elementor-size-default\">Sobre N\u00f3s<\/h2>\t\t\t\t<\/div>\n\t\t\t\t\t<\/div>\n\t\t\t\t<\/div>\n\t\t<div class=\"elementor-element elementor-element-3f88f0e e-flex e-con-boxed e-con e-parent\" data-id=\"3f88f0e\" data-element_type=\"container\" data-settings=\"{&quot;ekit_has_onepagescroll_dot&quot;:&quot;yes&quot;}\">\n\t\t\t\t\t<div class=\"e-con-inner\">\n\t\t\t\t<div class=\"elementor-element elementor-element-f617159 elementor-widget elementor-widget-text-editor\" data-id=\"f617159\" data-element_type=\"widget\" data-settings=\"{&quot;ekit_we_effect_on&quot;:&quot;none&quot;}\" data-widget_type=\"text-editor.default\">\n\t\t\t\t\t\t\t\t\t<p>Uma entidade representativa dos Oficiais da Pol\u00edcia Militar e do Corpo de Bombeiros Militar da ativa, reserva remunerada e reforma com mais de 74 anos de exist\u00eancia que tem por escopo a defesa dos direitos, garantias e prerrogativas dos seus associados.<\/p>\t\t\t\t\t\t\t\t<\/div>\n\t\t\t\t\t<\/div>\n\t\t\t\t<\/div>\n\t\t<div class=\"elementor-element elementor-element-f1e1cd3 e-grid e-con-boxed e-con e-parent\" data-id=\"f1e1cd3\" data-element_type=\"container\" data-settings=\"{&quot;ekit_has_onepagescroll_dot&quot;:&quot;yes&quot;}\">\n\t\t\t\t\t<div class=\"e-con-inner\">\n\t\t\t\t<div class=\"elementor-element elementor-element-dadd450 elementor-widget elementor-widget-image\" data-id=\"dadd450\" data-element_type=\"widget\" data-settings=\"{&quot;ekit_we_effect_on&quot;:&quot;none&quot;}\" data-widget_type=\"image.default\">\n\t\t\t\t\t\t\t\t\t\t\t\t\t\t\t<img decoding=\"async\" width=\"150\" height=\"150\" src=\"https:\/\/assomes.com.br\/wp-content\/uploads\/2025\/11\/LOGO-ASSOMES-NOVA--150x150.png\" class=\"attachment-thumbnail size-thumbnail wp-image-48\" alt=\"\" srcset=\"https:\/\/assomes.com.br\/wp-content\/uploads\/2025\/11\/LOGO-ASSOMES-NOVA--150x150.png 150w, https:\/\/assomes.com.br\/wp-content\/uploads\/2025\/11\/LOGO-ASSOMES-NOVA--300x300.png 300w, https:\/\/assomes.com.br\/wp-content\/uploads\/2025\/11\/LOGO-ASSOMES-NOVA--1024x1024.png 1024w, https:\/\/assomes.com.br\/wp-content\/uploads\/2025\/11\/LOGO-ASSOMES-NOVA--768x768.png 768w, https:\/\/assomes.com.br\/wp-content\/uploads\/2025\/11\/LOGO-ASSOMES-NOVA-.png 1080w\" sizes=\"(max-width: 150px) 100vw, 150px\" \/>\t\t\t\t\t\t\t\t\t\t\t\t\t\t\t<\/div>\n\t\t\t\t<div class=\"elementor-element elementor-element-0982b0f elementor-widget elementor-widget-image\" data-id=\"0982b0f\" data-element_type=\"widget\" data-settings=\"{&quot;ekit_we_effect_on&quot;:&quot;none&quot;}\" data-widget_type=\"image.default\">\n\t\t\t\t\t\t\t\t\t\t\t\t\t\t\t<img decoding=\"async\" width=\"300\" height=\"123\" src=\"https:\/\/assomes.com.br\/wp-content\/uploads\/2025\/11\/banner-300x123.png\" class=\"attachment-medium size-medium wp-image-78\" alt=\"\" srcset=\"https:\/\/assomes.com.br\/wp-content\/uploads\/2025\/11\/banner-300x123.png 300w, https:\/\/assomes.com.br\/wp-content\/uploads\/2025\/11\/banner-1024x418.png 1024w, https:\/\/assomes.com.br\/wp-content\/uploads\/2025\/11\/banner-768x314.png 768w, https:\/\/assomes.com.br\/wp-content\/uploads\/2025\/11\/banner.png 1053w\" sizes=\"(max-width: 300px) 100vw, 300px\" \/>\t\t\t\t\t\t\t\t\t\t\t\t\t\t\t<\/div>\n\t\t\t\t\t<\/div>\n\t\t\t\t<\/div>\n\t\t\t\t<\/div>\n\t\t","protected":false},"excerpt":{"rendered":"<p>Sobre N\u00f3s Uma entidade representativa dos Oficiais da Pol\u00edcia Militar e do Corpo de Bombeiros Militar da ativa, reserva remunerada e reforma com mais de 74 anos de exist\u00eancia que tem por escopo a defesa dos direitos, garantias e prerrogativas dos seus associados.<\/p>\n","protected":false},"author":1,"featured_media":0,"parent":0,"menu_order":0,"comment_status":"closed","ping_status":"closed","template":"","meta":{"_acf_changed":false,"_joinchat":[],"footnotes":""},"class_list":["post-170","page","type-page","status-publish","hentry"],"acf":[],"_links":{"self":[{"href":"https:\/\/assomes.com.br\/index.php?rest_route=\/wp\/v2\/pages\/170","targetHints":{"allow":["GET"]}}],"collection":[{"href":"https:\/\/assomes.com.br\/index.php?rest_route=\/wp\/v2\/pages"}],"about":[{"href":"https:\/\/assomes.com.br\/index.php?rest_route=\/wp\/v2\/types\/page"}],"author":[{"embeddable":true,"href":"https:\/\/assomes.com.br\/index.php?rest_route=\/wp\/v2\/users\/1"}],"replies":[{"embeddable":true,"href":"https:\/\/assomes.com.br\/index.php?rest_route=%2Fwp%2Fv2%2Fcomments&post=170"}],"version-history":[{"count":10,"href":"https:\/\/assomes.com.br\/index.php?rest_route=\/wp\/v2\/pages\/170\/revisions"}],"predecessor-version":[{"id":181,"href":"https:\/\/assomes.com.br\/index.php?rest_route=\/wp\/v2\/pages\/170\/revisions\/181"}],"wp:attachment":[{"href":"https:\/\/assomes.com.br\/index.php?rest_route=%2Fwp%2Fv2%2Fmedia&parent=170"}],"curies":[{"name":"wp","href":"https:\/\/api.w.org\/{rel}","templated":true}]}}